{"id":5923,"date":"2025-12-01T13:43:10","date_gmt":"2025-12-01T13:43:10","guid":{"rendered":"https:\/\/shootingacademyalfa.eu\/?page_id=5923"},"modified":"2025-12-01T14:11:02","modified_gmt":"2025-12-01T14:11:02","slug":"referencie","status":"publish","type":"page","link":"https:\/\/shootingacademyalfa.eu\/en\/referencie\/","title":{"rendered":"Referencie"},"content":{"rendered":"\n<p><strong>Nami pre\u0161kolen\u00e9 subjekty :<\/strong><\/p>\n\n\n\n<ul>\n<li>&Uacute;stredie pr&aacute;ce, soci&aacute;lnych vec&iacute; a&nbsp;rodiny<\/li>\n<li>V&scaron;eobecn&aacute; &Uacute;verov&aacute; Banka<\/li>\n<li>Trnavsk&aacute; univerzita, fakulta zdravotn&iacute;ctva a&nbsp;soci&aacute;lnej pr&aacute;ce<\/li>\n<li>OS SR<\/li>\n<li>Odbor &scaron;peci&aacute;lneho v&yacute;cviku Centra v&yacute;cviku Le&scaron;\u0165<\/li>\n<li>5. pluk &scaron;peci&aacute;lneho ur\u010denia v&nbsp;\u017diline<\/li>\n<li>Vojensk&aacute; Pol&iacute;cia Tren\u010d&iacute;n<\/li>\n<li>&Uacute;tvar osobitn&eacute;ho ur\u010denia Prez&iacute;dia PZ, Lynx Commando<\/li>\n<li>Pohotovostn&yacute; policajn&yacute; &uacute;tvar Pre&scaron;ov<\/li>\n<li>N&aacute;rodn&aacute; krimin&aacute;lna agent&uacute;ra<\/li>\n<li>Odbor v&yacute;cviku Prez&iacute;dia PZ<\/li>\n<li>IZOTOPCENTRUM Nitra<\/li>\n<li>Riaditelia Z&Scaron; a&nbsp;M&Scaron; Nitriansk&eacute;ho samospr&aacute;vneho kraja<\/li>\n<li>Slovensk&aacute; technick&aacute; univerzita Bratislava<\/li>\n<li>Univerzita Mateja Bela v&nbsp;Banskej Bystrici<\/li>\n<li>Z&Scaron; knie\u017ea\u0165a Pribinu v&nbsp;Nitre<\/li>\n<li>Z&Scaron; Spojov&aacute; v&nbsp;Banskej Bystrici<\/li>\n<li>N&aacute;rodn&yacute; &uacute;stav detsk&yacute;ch chor&ocirc;b v&nbsp;Bratislave<\/li>\n<li>Trnavsk&aacute; univerzita, pedagogick&aacute; fajulta<\/li>\n<li>Stredn&aacute; &scaron;kola Spojen&aacute; v&nbsp;Nitre<\/li>\n<li>SO&Scaron; pedagogick&aacute; bl. Laury v&nbsp;Trnave<\/li>\n<li>Arcibiskupsk&eacute; gymn&aacute;zium P. Jantauscha v&nbsp;Trnave<\/li>\n<li>Z&Scaron; Moskovsk&aacute; v&nbsp;Banskej Bystrici<\/li>\n<li>Z&Scaron; Tulip&aacute;nov&aacute; v&nbsp;Nitre<\/li>\n<li>1. S&uacute;kromn&eacute; gymn&aacute;zium a Z&Scaron; v&nbsp;Bratislave<\/li>\n<li>Univerzitn&aacute; nemocnica Martin<\/li>\n<li>Ekonomick&aacute; univerzita Bratislava<\/li>\n<li>V&Scaron;E Ko&scaron;ice<\/li>\n<li>Riaditelia Z&Scaron; a&nbsp;M&Scaron; v&nbsp;Pova\u017eskej Bystrici<\/li>\n<li>Adient Slovakia s.r.o. Bratislava Business Center<\/li>\n<li>Fakultn&aacute; nemocnica s&nbsp;poliklinikou \u017dilina<\/li>\n<li>Pr&aacute;vnick&aacute; fakulta univerzity Komensk&eacute;ho Bratislava<\/li>\n<li>Nemocnica Sv. Michala, rezortn&aacute; nemocnica MV SR a&nbsp;MO SR Bratislava<\/li>\n<li>Nemocnica Sv. Michala, rezortn&aacute; nemocnica MV SR a&nbsp;MO SR Ko&scaron;ice<\/li>\n<li>Z&Scaron; Kysuck&aacute; Senec<\/li>\n<li>SO&Scaron; automobilov&aacute; a&nbsp;podnikania Senec<\/li>\n<li>Slovensk&aacute; elektriza\u010dn&aacute; prenosov&aacute; s&uacute;stava, a.s.<\/li>\n<\/ul>\n\n\n\n<p><\/p>\n","protected":false},"excerpt":{"rendered":"<p>Nami pre\u0161kolen\u00e9 subjekty : &Uacute;stredie pr&aacute;ce, soci&aacute;lnych vec&iacute; a&nbsp;rodiny V&scaron;eobecn&aacute; &Uacute;verov&aacute; Banka Trnavsk&aacute; univerzita, fakulta zdravotn&iacute;ctva a&nbsp;soci&aacute;lnej pr&aacute;ce OS SR Odbor &scaron;peci&aacute;lneho v&yacute;cviku Centra v&yacute;cviku Le&scaron;\u0165 5. pluk &scaron;peci&aacute;lneho ur\u010denia v&nbsp;\u017diline Vojensk&aacute; Pol&iacute;cia Tren\u010d&iacute;n &Uacute;tvar osobitn&eacute;ho ur\u010denia Prez&iacute;dia PZ, Lynx Commando Pohotovostn&yacute; policajn&yacute; &uacute;tvar Pre&scaron;ov N&aacute;rodn&aacute; krimin&aacute;lna agent&uacute;ra Odbor v&yacute;cviku Prez&iacute;dia PZ IZOTOPCENTRUM Nitra Riaditelia [&hellip;]<\/p>\n","protected":false},"author":4,"featured_media":0,"parent":0,"menu_order":0,"comment_status":"closed","ping_status":"closed","template":"","meta":{"footnotes":""},"class_list":["post-5923","page","type-page","status-publish","hentry"],"aioseo_notices":[],"_links":{"self":[{"href":"https:\/\/shootingacademyalfa.eu\/en\/wp-json\/wp\/v2\/pages\/5923","targetHints":{"allow":["GET"]}}],"collection":[{"href":"https:\/\/shootingacademyalfa.eu\/en\/wp-json\/wp\/v2\/pages"}],"about":[{"href":"https:\/\/shootingacademyalfa.eu\/en\/wp-json\/wp\/v2\/types\/page"}],"author":[{"embeddable":true,"href":"https:\/\/shootingacademyalfa.eu\/en\/wp-json\/wp\/v2\/users\/4"}],"replies":[{"embeddable":true,"href":"https:\/\/shootingacademyalfa.eu\/en\/wp-json\/wp\/v2\/comments?post=5923"}],"version-history":[{"count":2,"href":"https:\/\/shootingacademyalfa.eu\/en\/wp-json\/wp\/v2\/pages\/5923\/revisions"}],"predecessor-version":[{"id":5936,"href":"https:\/\/shootingacademyalfa.eu\/en\/wp-json\/wp\/v2\/pages\/5923\/revisions\/5936"}],"wp:attachment":[{"href":"https:\/\/shootingacademyalfa.eu\/en\/wp-json\/wp\/v2\/media?parent=5923"}],"curies":[{"name":"wp","href":"https:\/\/api.w.org\/{rel}","templated":true}]}}